{"id":1273,"date":"2022-11-11T18:13:47","date_gmt":"2022-11-11T18:13:47","guid":{"rendered":"https:\/\/vagasdecursos.com\/?page_id=1273"},"modified":"2025-04-24T13:52:15","modified_gmt":"2025-04-24T13:52:15","slug":"about","status":"publish","type":"page","link":"https:\/\/vagasdecursos.com\/pt\/about\/","title":{"rendered":"Sobre Vagas de Cursos"},"content":{"rendered":"<!--advertisement--><div class=\"mx-5 sm:mx-0 sm:text-3xl text-2xl font-medium title-font mb-4 text-gray-900 text-left\">\n<h2 class=\"wp-block-heading\"><strong>Quem Somos<\/strong><\/h2>\n<\/div><div class=\"mx-5 sm:mx-0 prose leading-relaxed text-lg mb-5 text-left wp-paragraph\">\n<p>Vagas de Cursos \u00e9 uma plataforma informativa dedicada a ajudar pessoas em todo o mundo a encontrar oportunidades de desenvolvimento profissional. Fazemos parte da EchoNews O\u00dc, uma empresa de conte\u00fado internacional registrada na Est\u00f4nia. Nossa miss\u00e3o \u00e9 fornecer informa\u00e7\u00f5es precisas e atualizadas sobre vagas de emprego, orienta\u00e7\u00e3o profissional e cursos, capacitando os usu\u00e1rios a progredir em suas carreiras e crescimento pessoal.<\/p>\n<\/div><!--advertisement--><div class=\"mx-5 sm:mx-0 sm:text-3xl text-2xl font-medium title-font mb-4 text-gray-900 text-left\">\n<h2 class=\"wp-block-heading\"><strong>O que fazemos<\/strong><\/h2>\n<\/div><div class=\"mx-5 sm:mx-0 prose leading-relaxed text-lg mb-5 text-left wp-paragraph\">\n<p>Nossa plataforma oferece conte\u00fado selecionado sobre oportunidades de emprego, recursos de aprendizagem e desenvolvimento de carreira. Reunimos e organizamos informa\u00e7\u00f5es de diversas fontes para facilitar aos usu\u00e1rios a descoberta de cursos relevantes, ofertas de emprego e dicas para aprimorar sua jornada profissional. O Vagas de Cursos n\u00e3o vende produtos ou servi\u00e7os diretamente, mas serve como uma ponte entre os usu\u00e1rios e as informa\u00e7\u00f5es necess\u00e1rias para que tomem decis\u00f5es informadas.<\/p>\n<\/div><!--advertisement--><div class=\"mx-5 sm:mx-0 sm:text-3xl text-2xl font-medium title-font mb-4 text-gray-900 text-left\">\n<h2 class=\"wp-block-heading\"><strong>Nosso Compromisso<\/strong><\/h2>\n<\/div><div class=\"mx-5 sm:mx-0 prose leading-relaxed text-lg mb-5 text-left wp-paragraph\">\n<p>Na Vagas de Cursos, nos comprometemos com a transpar\u00eancia, a precis\u00e3o e o uso respons\u00e1vel das informa\u00e7\u00f5es. Entendemos a import\u00e2ncia de conte\u00fado confi\u00e1vel na hora de fazer escolhas profissionais e educacionais. Nosso objetivo \u00e9 apoiar usu\u00e1rios de diferentes pa\u00edses e origens no acesso a oportunidades que contribuam para seu crescimento e sucesso.<\/p>\n<\/div><div class=\"mx-5 sm:mx-0 prose leading-relaxed text-lg mb-5 text-left wp-paragraph\">\n<p>Para obter mais informa\u00e7\u00f5es sobre como lidamos com seus dados, visite nosso<a style=\" color:;\" href=\"https:\/\/vagasdecursos.com\/pt\/privacy\/\"> pol\u00edtica de Privacidade<\/a> e <a style=\" color:;\" href=\"https:\/\/vagasdecursos.com\/pt\/terms\/\">Termos de Uso<\/a>.<\/p>\n<\/div><div class=\"mx-5 sm:mx-0 prose leading-relaxed text-lg mb-5 text-left wp-paragraph\">\n<p><\/p>\n<\/div>","protected":false},"excerpt":{"rendered":"<p>Who We Are Vagas de Cursos is an informational platform dedicated to helping individuals worldwide find professional development opportunities. We are part of EchoNews O\u00dc, an international content company registered in Estonia. Our mission is to provide accurate and up-to-date information about job openings, career advice, and educational courses, empowering users to advance in their&hellip; <a class=\"more-link\" href=\"https:\/\/vagasdecursos.com\/pt\/about\/\">Continue reading <span class=\"screen-reader-text\">Sobre Vagas de Cursos<\/span><\/a><\/p>","protected":false},"author":17,"featured_media":0,"parent":0,"menu_order":0,"comment_status":"closed","ping_status":"closed","template":"","meta":{"footnotes":""},"yoast_head":"<!-- This site is optimized with the Yoast SEO plugin v23.3 - https:\/\/yoast.com\/wordpress\/plugins\/seo\/ -->\n<title>About Vagas de Cursos - Vagas de Cursos<\/title>\n<meta name=\"robots\" content=\"index, follow, max-snippet:-1, max-image-preview:large, max-video-preview:-1\" \/>\n<link rel=\"canonical\" href=\"https:\/\/vagasdecursos.com\/pt\/about\/\" \/>\n<meta property=\"og:locale\" content=\"pt_BR\" \/>\n<meta property=\"og:type\" content=\"article\" \/>\n<meta property=\"og:title\" content=\"About Vagas de Cursos - Vagas de Cursos\" \/>\n<meta property=\"og:description\" content=\"Who We Are Vagas de Cursos is an informational platform dedicated to helping individuals worldwide find professional development opportunities. We are part of EchoNews O\u00dc, an international content company registered in Estonia. Our mission is to provide accurate and up-to-date information about job openings, career advice, and educational courses, empowering users to advance in their&hellip; Continue reading About Vagas de Cursos\" \/>\n<meta property=\"og:url\" content=\"https:\/\/vagasdecursos.com\/pt\/about\/\" \/>\n<meta property=\"og:site_name\" content=\"Vagas de Cursos\" \/>\n<meta property=\"article:modified_time\" content=\"2025-04-24T13:52:15+00:00\" \/>\n<meta name=\"twitter:card\" content=\"summary_large_image\" \/>\n<meta name=\"twitter:label1\" content=\"Est. reading time\" \/>\n\t<meta name=\"twitter:data1\" content=\"1 minuto\" \/>\n<script type=\"application\/ld+json\" class=\"yoast-schema-graph\">{\"@context\":\"https:\/\/schema.org\",\"@graph\":[{\"@type\":\"WebPage\",\"@id\":\"https:\/\/vagasdecursos.com\/about\/\",\"url\":\"https:\/\/vagasdecursos.com\/about\/\",\"name\":\"About Vagas de Cursos - Vagas de Cursos\",\"isPartOf\":{\"@id\":\"https:\/\/vagasdecursos.com\/#website\"},\"datePublished\":\"2022-11-11T18:13:47+00:00\",\"dateModified\":\"2025-04-24T13:52:15+00:00\",\"breadcrumb\":{\"@id\":\"https:\/\/vagasdecursos.com\/about\/#breadcrumb\"},\"inLanguage\":\"pt-BR\",\"potentialAction\":[{\"@type\":\"ReadAction\",\"target\":[\"https:\/\/vagasdecursos.com\/about\/\"]}]},{\"@type\":\"BreadcrumbList\",\"@id\":\"https:\/\/vagasdecursos.com\/about\/#breadcrumb\",\"itemListElement\":[{\"@type\":\"ListItem\",\"position\":1,\"name\":\"Home\",\"item\":\"https:\/\/vagasdecursos.com\/\"},{\"@type\":\"ListItem\",\"position\":2,\"name\":\"About Vagas de Cursos\"}]},{\"@type\":\"WebSite\",\"@id\":\"https:\/\/vagasdecursos.com\/#website\",\"url\":\"https:\/\/vagasdecursos.com\/\",\"name\":\"Vagas de Cursos\",\"description\":\"\",\"potentialAction\":[{\"@type\":\"SearchAction\",\"target\":{\"@type\":\"EntryPoint\",\"urlTemplate\":\"https:\/\/vagasdecursos.com\/?s={search_term_string}\"},\"query-input\":\"required name=search_term_string\"}],\"inLanguage\":\"pt-BR\"}]}<\/script>\n<!-- \/ Yoast SEO plugin. -->","yoast_head_json":{"title":"About Vagas de Cursos - Vagas de Cursos","robots":{"index":"index","follow":"follow","max-snippet":"max-snippet:-1","max-image-preview":"max-image-preview:large","max-video-preview":"max-video-preview:-1"},"canonical":"https:\/\/vagasdecursos.com\/pt\/about\/","og_locale":"pt_BR","og_type":"article","og_title":"About Vagas de Cursos - Vagas de Cursos","og_description":"Who We Are Vagas de Cursos is an informational platform dedicated to helping individuals worldwide find professional development opportunities. We are part of EchoNews O\u00dc, an international content company registered in Estonia. Our mission is to provide accurate and up-to-date information about job openings, career advice, and educational courses, empowering users to advance in their&hellip; Continue reading About Vagas de Cursos","og_url":"https:\/\/vagasdecursos.com\/pt\/about\/","og_site_name":"Vagas de Cursos","article_modified_time":"2025-04-24T13:52:15+00:00","twitter_card":"summary_large_image","twitter_misc":{"Est. reading time":"1 minuto"},"schema":{"@context":"https:\/\/schema.org","@graph":[{"@type":"WebPage","@id":"https:\/\/vagasdecursos.com\/about\/","url":"https:\/\/vagasdecursos.com\/about\/","name":"About Vagas de Cursos - Vagas de Cursos","isPartOf":{"@id":"https:\/\/vagasdecursos.com\/#website"},"datePublished":"2022-11-11T18:13:47+00:00","dateModified":"2025-04-24T13:52:15+00:00","breadcrumb":{"@id":"https:\/\/vagasdecursos.com\/about\/#breadcrumb"},"inLanguage":"pt-BR","potentialAction":[{"@type":"ReadAction","target":["https:\/\/vagasdecursos.com\/about\/"]}]},{"@type":"BreadcrumbList","@id":"https:\/\/vagasdecursos.com\/about\/#breadcrumb","itemListElement":[{"@type":"ListItem","position":1,"name":"Home","item":"https:\/\/vagasdecursos.com\/"},{"@type":"ListItem","position":2,"name":"About Vagas de Cursos"}]},{"@type":"WebSite","@id":"https:\/\/vagasdecursos.com\/#website","url":"https:\/\/vagasdecursos.com\/","name":"Vagas de Cursos","description":"","potentialAction":[{"@type":"SearchAction","target":{"@type":"EntryPoint","urlTemplate":"https:\/\/vagasdecursos.com\/?s={search_term_string}"},"query-input":"required name=search_term_string"}],"inLanguage":"pt-BR"}]}},"_links":{"self":[{"href":"https:\/\/vagasdecursos.com\/pt\/wp-json\/wp\/v2\/pages\/1273"}],"collection":[{"href":"https:\/\/vagasdecursos.com\/pt\/wp-json\/wp\/v2\/pages"}],"about":[{"href":"https:\/\/vagasdecursos.com\/pt\/wp-json\/wp\/v2\/types\/page"}],"author":[{"embeddable":true,"href":"https:\/\/vagasdecursos.com\/pt\/wp-json\/wp\/v2\/users\/17"}],"replies":[{"embeddable":true,"href":"https:\/\/vagasdecursos.com\/pt\/wp-json\/wp\/v2\/comments?post=1273"}],"version-history":[{"count":2,"href":"https:\/\/vagasdecursos.com\/pt\/wp-json\/wp\/v2\/pages\/1273\/revisions"}],"predecessor-version":[{"id":5278,"href":"https:\/\/vagasdecursos.com\/pt\/wp-json\/wp\/v2\/pages\/1273\/revisions\/5278"}],"wp:attachment":[{"href":"https:\/\/vagasdecursos.com\/pt\/wp-json\/wp\/v2\/media?parent=1273"}],"curies":[{"name":"wp","href":"https:\/\/api.w.org\/{rel}","templated":true}]}}