{"id":1274,"date":"2022-11-11T18:10:29","date_gmt":"2022-11-11T18:10:29","guid":{"rendered":"https:\/\/vagasdecursos.com\/?page_id=1274"},"modified":"2025-12-12T17:25:22","modified_gmt":"2025-12-12T17:25:22","slug":"terms","status":"publish","type":"page","link":"https:\/\/vagasdecursos.com\/pt\/terms\/","title":{"rendered":"Termos e Condi\u00e7\u00f5es de Uso"},"content":{"rendered":"<div class=\"mx-5 sm:mx-0 prose leading-relaxed text-lg mb-5 text-left wp-paragraph\">\n<p><strong>\u00daltima atualiza\u00e7\u00e3o: 14 de abril de 2025<\/strong><\/p>\n<\/div><!--advertisement--><div class=\"mx-5 sm:mx-0 sm:text-3xl text-2xl font-medium title-font mb-4 text-gray-900 text-left\">\n<h2 class=\"wp-block-heading\"><strong>1. Introdu\u00e7\u00e3o<\/strong><\/h2>\n<\/div><div class=\"mx-5 sm:mx-0 prose leading-relaxed text-lg mb-5 text-left wp-paragraph\">\n<p>A EchoNews O\u00dc, uma sociedade de responsabilidade limitada privada registada na Est\u00f3nia sob o n\u00famero de registo 16587705, com sede social em Kotkapoja tn 2a-10, 10615, Harju, Tallinn, Est\u00f3nia, \u00e9 a propriet\u00e1ria e operadora do website. <strong>Vagas de Cursos<\/strong>, dispon\u00edvel em<a style=\" color:;\" href=\"https:\/\/vagasdecursos.com\/pt\/\"> https:\/\/vagasdecursos.com<\/a>.<\/p>\n<\/div><div class=\"mx-5 sm:mx-0 prose leading-relaxed text-lg mb-5 text-left wp-paragraph\">\n<p>Nestes Termos de Uso, os termos \u201cn\u00f3s\u201d, \u201cnosso\u201d e \u201cnos\u201d referem-se a <strong>Vagas de Cursos<\/strong>.<\/p>\n<\/div><div class=\"mx-5 sm:mx-0 prose leading-relaxed text-lg mb-5 text-left wp-paragraph\">\n<p>Vagas de Cursos \u00e9 um site informativo focado em fornecer conte\u00fado relacionado a oportunidades de emprego, conselhos de carreira, desenvolvimento profissional e cursos educacionais.<\/p>\n<\/div><div class=\"mx-5 sm:mx-0 prose leading-relaxed text-lg mb-5 text-left wp-paragraph\">\n<p>Estes Termos de Uso devem ser lidos em conjunto com nossos <strong>pol\u00edtica de Privacidade<\/strong>, dispon\u00edvel em<a style=\" color:;\" href=\"https:\/\/vagasdecursos.com\/pt\/privacy\/\"> https:\/\/vagasdecursos.com\/privacy<\/a>, que descreve como lidamos com dados pessoais de acordo com as leis e regulamentos aplic\u00e1veis.<\/p>\n<\/div><div class=\"mx-5 sm:mx-0 prose leading-relaxed text-lg mb-5 text-left wp-paragraph\">\n<p>Ao utilizar nosso site, voc\u00ea concorda em estar vinculado a estes Termos e Condi\u00e7\u00f5es de Uso. Caso n\u00e3o concorde com qualquer parte destes Termos, recomendamos que n\u00e3o utilize nossos servi\u00e7os.<\/p>\n<\/div><!--advertisement--><div class=\"mx-5 sm:mx-0 sm:text-3xl text-2xl font-medium title-font mb-4 text-gray-900 text-left\">\n<h2 class=\"wp-block-heading\"><strong>2. Elegibilidade<\/strong><\/h2>\n<\/div><div class=\"mx-5 sm:mx-0 prose leading-relaxed text-lg mb-5 text-left wp-paragraph\">\n<p>2.1 Ao acessar ou usar nosso site, voc\u00ea concorda em cumprir estes Termos de Uso e nossa Pol\u00edtica de Privacidade como condi\u00e7\u00e3o para usar nossos servi\u00e7os.<\/p>\n<\/div><div class=\"mx-5 sm:mx-0 prose leading-relaxed text-lg mb-5 text-left wp-paragraph\">\n<p>2.2 Voc\u00ea deve ter pelo menos 18 anos de idade e capacidade legal para aceitar estes Termos e todas as obriga\u00e7\u00f5es legais associadas. O acesso ao nosso site por menores n\u00e3o \u00e9 permitido.<\/p>\n<\/div><div class=\"mx-5 sm:mx-0 prose leading-relaxed text-lg mb-5 text-left wp-paragraph\">\n<p>2.3 Caso n\u00e3o atenda a esses requisitos, voc\u00ea n\u00e3o dever\u00e1 acessar ou utilizar nosso site ou qualquer um dos servi\u00e7os fornecidos pela Vagas de Cursos.<\/p>\n<\/div><!--advertisement--><div class=\"mx-5 sm:mx-0 sm:text-3xl text-2xl font-medium title-font mb-4 text-gray-900 text-left\">\n<h2 class=\"wp-block-heading\"><strong>3. Contato<\/strong><\/h2>\n<\/div><div class=\"mx-5 sm:mx-0 prose leading-relaxed text-lg mb-5 text-left wp-paragraph\">\n<p>Caso tenha alguma d\u00favida, preocupa\u00e7\u00e3o ou precise de assist\u00eancia em rela\u00e7\u00e3o aos nossos servi\u00e7os, entre em contato conosco pelo site Vagas de Cursos, visitando:<br><a style=\" color:;\" href=\"https:\/\/vagasdecursos.com\/pt\/contact\/\">https:\/\/vagasdecursos.com\/contact<\/a><\/p>\n<\/div><div class=\"mx-5 sm:mx-0 prose leading-relaxed text-lg mb-5 text-left wp-paragraph\">\n<p>Incentivamos os usu\u00e1rios a entrarem em contato conosco caso tenham d\u00favidas relacionadas ao uso do site, precis\u00e3o do conte\u00fado, privacidade de dados ou quaisquer dificuldades t\u00e9cnicas que possam encontrar. Nossa equipe est\u00e1 comprometida em fornecer suporte oportuno e claro para garantir uma experi\u00eancia positiva ao usu\u00e1rio. Inclua informa\u00e7\u00f5es detalhadas para que possamos atend\u00ea-lo de forma eficaz.<\/p>\n<\/div><!--advertisement--><div class=\"mx-5 sm:mx-0 sm:text-3xl text-2xl font-medium title-font mb-4 text-gray-900 text-left\">\n<h2 class=\"wp-block-heading\"><strong>4. Obriga\u00e7\u00f5es do Usu\u00e1rio<\/strong><\/h2>\n<\/div><div class=\"mx-5 sm:mx-0 prose leading-relaxed text-lg mb-5 text-left wp-paragraph\">\n<p>Ao utilizar o Vagas de Cursos, voc\u00ea concorda em cumprir estes Termos e Condi\u00e7\u00f5es e em utilizar o site de forma respons\u00e1vel. Espera-se que os usu\u00e1rios se comportem de forma \u00e9tica, respeitem os direitos dos outros e utilizem o site apenas para os fins informativos pretendidos. As subse\u00e7\u00f5es a seguir descrevem suas obriga\u00e7\u00f5es espec\u00edficas como usu\u00e1rio de nossos servi\u00e7os.<\/p>\n<\/div><!--advertisement--><div class=\"mx-5 sm:mx-0 sm:text-3xl text-2xl font-medium title-font mb-4 text-gray-900 text-left\">\n<h3 class=\"wp-block-heading\"><strong>4.1 Aceita\u00e7\u00e3o dos Termos<\/strong><\/h3>\n<\/div><div class=\"mx-5 sm:mx-0 prose leading-relaxed text-lg mb-5 text-left wp-paragraph\">\n<p>Ao acessar o Vagas de Cursos, voc\u00ea confirma que leu, compreendeu e aceitou estes Termos e Condi\u00e7\u00f5es de Uso. Caso n\u00e3o concorde com qualquer parte destes Termos, voc\u00ea dever\u00e1 abster-se de utilizar nosso site e servi\u00e7os.<\/p>\n<\/div><!--advertisement--><div class=\"mx-5 sm:mx-0 sm:text-3xl text-2xl font-medium title-font mb-4 text-gray-900 text-left\">\n<h3 class=\"wp-block-heading\"><strong>4.2 Uso do Site<\/strong><\/h3>\n<\/div><div class=\"mx-5 sm:mx-0 prose leading-relaxed text-lg mb-5 text-left wp-paragraph\">\n<p>Nosso site destina-se exclusivamente a fins informativos, oferecendo aos usu\u00e1rios oportunidades de emprego, orienta\u00e7\u00e3o profissional e recursos educacionais. Voc\u00ea pode usar o conte\u00fado do site para aprimorar seu desenvolvimento profissional, mas n\u00e3o deve utiliz\u00e1-lo para fins ilegais ou n\u00e3o autorizados.<\/p>\n<\/div><!--advertisement--><div class=\"mx-5 sm:mx-0 sm:text-3xl text-2xl font-medium title-font mb-4 text-gray-900 text-left\">\n<h3 class=\"wp-block-heading\"><strong>4.3 Responsabilidade do Usu\u00e1rio<\/strong><\/h3>\n<\/div><div class=\"mx-5 sm:mx-0 prose leading-relaxed text-lg mb-5 text-left wp-paragraph\">\n<p>Embora nos esforcemos para fornecer conte\u00fado preciso e seguro, n\u00e3o nos responsabilizamos por quaisquer danos causados por malware, v\u00edrus, falhas t\u00e9cnicas ou uso indevido do site. Os usu\u00e1rios s\u00e3o respons\u00e1veis por garantir que seus dispositivos e sistemas estejam adequadamente protegidos.<\/p>\n<\/div><!--advertisement--><div class=\"mx-5 sm:mx-0 sm:text-3xl text-2xl font-medium title-font mb-4 text-gray-900 text-left\">\n<h3 class=\"wp-block-heading\"><strong>4.4 Links de terceiros<\/strong><\/h3>\n<\/div><div class=\"mx-5 sm:mx-0 prose leading-relaxed text-lg mb-5 text-left wp-paragraph\">\n<p>O Vagas de Cursos pode conter links para sites de terceiros para fins informativos. N\u00e3o controlamos nem endossamos o conte\u00fado, as pol\u00edticas ou as pr\u00e1ticas desses sites externos e n\u00e3o nos responsabilizamos por quaisquer problemas decorrentes de seu uso.<\/p>\n<\/div><!--advertisement--><div class=\"mx-5 sm:mx-0 sm:text-3xl text-2xl font-medium title-font mb-4 text-gray-900 text-left\">\n<h3 class=\"wp-block-heading\"><strong>4.5 Solicita\u00e7\u00f5es de informa\u00e7\u00f5es pessoais<\/strong><\/h3>\n<\/div><div class=\"mx-5 sm:mx-0 prose leading-relaxed text-lg mb-5 text-left wp-paragraph\">\n<p>A Vagas de Cursos jamais solicitar\u00e1 informa\u00e7\u00f5es pessoais sens\u00edveis ou detalhes de conta por e-mail ou canais de comunica\u00e7\u00e3o n\u00e3o autorizados. Caso receba tais solicita\u00e7\u00f5es, n\u00e3o responda e entre em contato conosco imediatamente para relatar o incidente. Levamos a seguran\u00e7a de dados a s\u00e9rio e tomaremos as medidas cab\u00edveis ap\u00f3s receber sua notifica\u00e7\u00e3o.<\/p>\n<\/div><!--advertisement--><div class=\"mx-5 sm:mx-0 sm:text-3xl text-2xl font-medium title-font mb-4 text-gray-900 text-left\">\n<h2 class=\"wp-block-heading\"><strong>5. Conduta Proibida<\/strong><\/h2>\n<\/div><div class=\"mx-5 sm:mx-0 prose leading-relaxed text-lg mb-5 text-left wp-paragraph\">\n<p>Voc\u00ea est\u00e1 proibido de usar nosso site para as seguintes atividades:<\/p>\n<\/div><div class=\"mx-5 sm:mx-0 prose text-left mb-5\">\n<ul><div class=\"mx-5 sm:mx-0 prose text-left mb-5\">\n<li>Envolver-se em atividades ilegais.<br><\/li>\n<\/div>\n\n<div class=\"mx-5 sm:mx-0 prose text-left mb-5\">\n<li>Viola\u00e7\u00e3o de direitos de propriedade intelectual.<br><\/li>\n<\/div>\n\n<div class=\"mx-5 sm:mx-0 prose text-left mb-5\">\n<li>Assediar, abusar ou amea\u00e7ar outros usu\u00e1rios.<br><\/li>\n<\/div>\n\n<div class=\"mx-5 sm:mx-0 prose text-left mb-5\">\n<li>Espalhar informa\u00e7\u00f5es falsas, enganosas ou prejudiciais.<br><\/li>\n<\/div>\n\n<div class=\"mx-5 sm:mx-0 prose text-left mb-5\">\n<li>Distribuir v\u00edrus, malware ou c\u00f3digo malicioso.<br><\/li>\n<\/div>\n\n<div class=\"mx-5 sm:mx-0 prose text-left mb-5\">\n<li>Coleta de dados pessoais sem consentimento.<br><\/li>\n<\/div>\n\n<div class=\"mx-5 sm:mx-0 prose text-left mb-5\">\n<li>Enviar spam ou mensagens promocionais n\u00e3o autorizadas.<br><\/li>\n<\/div>\n\n<div class=\"mx-5 sm:mx-0 prose text-left mb-5\">\n<li>Compartilhar conte\u00fado obsceno, ofensivo ou imoral.<br><\/li>\n<\/div>\n\n<div class=\"mx-5 sm:mx-0 prose text-left mb-5\">\n<li>Interferir nas medidas de seguran\u00e7a ou opera\u00e7\u00f5es do site.<br><\/li>\n<\/div><\/ul>\n<\/div><div class=\"mx-5 sm:mx-0 prose leading-relaxed text-lg mb-5 text-left wp-paragraph\">\n<p>A viola\u00e7\u00e3o dessas regras pode resultar na suspens\u00e3o imediata ou no encerramento do seu acesso ao nosso site e servi\u00e7os.<\/p>\n<\/div><!--advertisement--><div class=\"mx-5 sm:mx-0 sm:text-3xl text-2xl font-medium title-font mb-4 text-gray-900 text-left\">\n<h2 class=\"wp-block-heading\"><strong>6. Isen\u00e7\u00e3o de responsabilidade e limita\u00e7\u00e3o de responsabilidade<\/strong><\/h2>\n<\/div><div class=\"mx-5 sm:mx-0 prose leading-relaxed text-lg mb-5 text-left wp-paragraph\">\n<p>A Vagas de Cursos fornece seu conte\u00fado e servi\u00e7os &quot;como est\u00e3o&quot; e &quot;conforme dispon\u00edveis&quot;, sem garantias de qualquer tipo, expressas ou impl\u00edcitas. N\u00e3o garantimos a precis\u00e3o, integralidade ou disponibilidade das informa\u00e7\u00f5es fornecidas.<\/p>\n<\/div><div class=\"mx-5 sm:mx-0 prose leading-relaxed text-lg mb-5 text-left wp-paragraph\">\n<p>N\u00e3o seremos respons\u00e1veis por quaisquer danos diretos, indiretos, incidentais, consequenciais ou especiais resultantes do uso ou da incapacidade de usar nosso site, incluindo, mas n\u00e3o se limitando a:<\/p>\n<\/div><div class=\"mx-5 sm:mx-0 prose text-left mb-5\">\n<ul><div class=\"mx-5 sm:mx-0 prose text-left mb-5\">\n<li>Perda de renda, receita ou lucros.<br><\/li>\n<\/div>\n\n<div class=\"mx-5 sm:mx-0 prose text-left mb-5\">\n<li>Perda de dados ou oportunidades de neg\u00f3cios.<br><\/li>\n<\/div>\n\n<div class=\"mx-5 sm:mx-0 prose text-left mb-5\">\n<li>Danos \u00e0 reputa\u00e7\u00e3o, imagem ou credibilidade.<br><\/li>\n<\/div><\/ul>\n<\/div><div class=\"mx-5 sm:mx-0 prose leading-relaxed text-lg mb-5 text-left wp-paragraph\">\n<p>Quando a lei aplic\u00e1vel n\u00e3o permitir certas limita\u00e7\u00f5es de responsabilidade, nossa responsabilidade ser\u00e1 limitada \u00e0 extens\u00e3o m\u00e1xima permitida.<\/p>\n<\/div><!--advertisement--><div class=\"mx-5 sm:mx-0 sm:text-3xl text-2xl font-medium title-font mb-4 text-gray-900 text-left\">\n<h2 class=\"wp-block-heading\"><strong>7. Prazo de prescri\u00e7\u00e3o<\/strong><\/h2>\n<\/div><div class=\"mx-5 sm:mx-0 prose leading-relaxed text-lg mb-5 text-left wp-paragraph\">\n<p>Qualquer a\u00e7\u00e3o judicial ou administrativa relacionada ao uso do Vagas de Cursos dever\u00e1 ser iniciada no prazo de 90 dias a partir da data em que o problema surgir. Este prazo de prescri\u00e7\u00e3o visa incentivar a resolu\u00e7\u00e3o tempestiva de disputas e garantir que as reivindica\u00e7\u00f5es sejam feitas enquanto as evid\u00eancias e informa\u00e7\u00f5es relevantes permanecerem dispon\u00edveis. Ap\u00f3s esse per\u00edodo, quaisquer reivindica\u00e7\u00f5es ou a\u00e7\u00f5es poder\u00e3o n\u00e3o ser mais v\u00e1lidas sob estes Termos e Condi\u00e7\u00f5es.<\/p>\n<\/div><!--advertisement--><div class=\"mx-5 sm:mx-0 sm:text-3xl text-2xl font-medium title-font mb-4 text-gray-900 text-left\">\n<h2 class=\"wp-block-heading\"><strong>8. Lei aplic\u00e1vel e jurisdi\u00e7\u00e3o<\/strong><\/h2>\n<\/div><div class=\"mx-5 sm:mx-0 prose leading-relaxed text-lg mb-5 text-left wp-paragraph\">\n<p>8.1 Estes Termos e Condi\u00e7\u00f5es de Uso, juntamente com nossa Pol\u00edtica de Privacidade, s\u00e3o regidos pelas leis da Rep\u00fablica da Est\u00f4nia e pelos regulamentos internacionais relevantes.<\/p>\n<\/div><div class=\"mx-5 sm:mx-0 prose leading-relaxed text-lg mb-5 text-left wp-paragraph\">\n<p>8.2 Quaisquer lit\u00edgios decorrentes destes Termos ou da utiliza\u00e7\u00e3o do Vagas de Cursos ser\u00e3o de compet\u00eancia exclusiva do <strong>Tribunal de Arbitragem da C\u00e2mara de Com\u00e9rcio e Ind\u00fastria da Est\u00f4nia<\/strong>, localizada em Tallinn, Est\u00f4nia.<\/p>\n<\/div><!--advertisement--><div class=\"mx-5 sm:mx-0 sm:text-3xl text-2xl font-medium title-font mb-4 text-gray-900 text-left\">\n<h2 class=\"wp-block-heading\"><strong>9. Propriedade Intelectual<\/strong><\/h2>\n<\/div><div class=\"mx-5 sm:mx-0 prose leading-relaxed text-lg mb-5 text-left wp-paragraph\">\n<p>Todo o conte\u00fado publicado no Vagas de Cursos, incluindo, mas n\u00e3o se limitando a textos, imagens, gr\u00e1ficos, logotipos e v\u00eddeos, \u00e9 propriedade da <strong>EchoNews O\u00dc<\/strong> e seus colaboradores. Tal conte\u00fado \u00e9 protegido por direitos autorais e leis de propriedade intelectual.<\/p>\n<\/div><div class=\"mx-5 sm:mx-0 prose leading-relaxed text-lg mb-5 text-left wp-paragraph\">\n<p>N\u00e3o nos responsabilizamos por conte\u00fado criado por terceiros, como coment\u00e1rios ou publica\u00e7\u00f5es em plataformas externas. Reservamo-nos o direito de remover qualquer conte\u00fado que viole estes Termos ou as leis aplic\u00e1veis.<\/p>\n<\/div><div class=\"mx-5 sm:mx-0 prose leading-relaxed text-lg mb-5 text-left wp-paragraph\">\n<p>Al\u00e9m disso, podemos desabilitar contas de usu\u00e1rios ou restringir o acesso aos nossos servi\u00e7os caso os usu\u00e1rios n\u00e3o cumpram estes Termos.<\/p>\n<\/div><!--advertisement--><div class=\"mx-5 sm:mx-0 sm:text-3xl text-2xl font-medium title-font mb-4 text-gray-900 text-left\">\n<h2 class=\"wp-block-heading\"><strong>10. Altera\u00e7\u00f5es nos Termos e Condi\u00e7\u00f5es<\/strong><\/h2>\n<\/div><div class=\"mx-5 sm:mx-0 prose leading-relaxed text-lg mb-5 text-left wp-paragraph\">\n<p>Reservamo-nos o direito de modificar, atualizar ou descontinuar qualquer parte do nosso site e servi\u00e7os a qualquer momento, sem aviso pr\u00e9vio. Tais altera\u00e7\u00f5es podem incluir ajustes no conte\u00fado, disponibilidade ou funcionalidade do site.<\/p>\n<\/div><div class=\"mx-5 sm:mx-0 prose leading-relaxed text-lg mb-5 text-left wp-paragraph\">\n<p>Ao continuar a utilizar o Vagas de Cursos ap\u00f3s quaisquer modifica\u00e7\u00f5es nestes Termos, voc\u00ea reconhece e aceita os Termos e Condi\u00e7\u00f5es atualizados. Caso discorde de alguma altera\u00e7\u00e3o, voc\u00ea deve interromper imediatamente o uso dos nossos servi\u00e7os.<\/p>\n<\/div><!--advertisement--><div class=\"mx-5 sm:mx-0 sm:text-3xl text-2xl font-medium title-font mb-4 text-gray-900 text-left\">\n<h2 class=\"wp-block-heading\"><strong>11. Informa\u00e7\u00f5es de contato<\/strong><\/h2>\n<\/div><div class=\"mx-5 sm:mx-0 prose leading-relaxed text-lg mb-5 text-left wp-paragraph\">\n<p>Caso tenha alguma d\u00favida, feedback ou preocupa\u00e7\u00e3o em rela\u00e7\u00e3o a estes Termos e Condi\u00e7\u00f5es ou aos nossos servi\u00e7os, entre em contato com nossa equipe de suporte visitando:<br><a style=\" color:;\" href=\"https:\/\/vagasdecursos.com\/pt\/contact\/\">https:\/\/vagasdecursos.com\/contact<\/a><\/p>\n<\/div><div class=\"mx-5 sm:mx-0 prose leading-relaxed text-lg mb-5 text-left wp-paragraph\">\n<p>Estamos comprometidos em responder \u00e0s suas perguntas e fornecer informa\u00e7\u00f5es claras sobre nosso site e servi\u00e7os.<\/p>\n<\/div><div class=\"mx-5 sm:mx-0 prose leading-relaxed text-lg mb-5 text-left wp-paragraph\">\n<p><\/p>\n<\/div>","protected":false},"excerpt":{"rendered":"<p>Last updated: April 14, 2025 1. Introduction EchoNews O\u00dc, a private limited liability company registered in Estonia under registration number 16587705, with its registered office at Kotkapoja tn 2a-10, 10615, Harju, Tallinn, Estonia, is the owner and operator of the website Vagas de Cursos, available at https:\/\/vagasdecursos.com. In these Terms of Use, the terms &#8220;we,&#8221;&hellip; <a class=\"more-link\" href=\"https:\/\/vagasdecursos.com\/pt\/terms\/\">Continue reading <span class=\"screen-reader-text\">Termos e Condi\u00e7\u00f5es de Uso<\/span><\/a><\/p>","protected":false},"author":17,"featured_media":0,"parent":0,"menu_order":0,"comment_status":"closed","ping_status":"closed","template":"","meta":{"footnotes":""},"yoast_head":"<!-- This site is optimized with the Yoast SEO plugin v23.3 - https:\/\/yoast.com\/wordpress\/plugins\/seo\/ -->\n<title>Terms and Conditions of Use - Vagas de Cursos<\/title>\n<meta name=\"robots\" content=\"index, follow, max-snippet:-1, max-image-preview:large, max-video-preview:-1\" \/>\n<link rel=\"canonical\" href=\"https:\/\/vagasdecursos.com\/pt\/terms\/\" \/>\n<meta property=\"og:locale\" content=\"pt_BR\" \/>\n<meta property=\"og:type\" content=\"article\" \/>\n<meta property=\"og:title\" content=\"Terms and Conditions of Use - Vagas de Cursos\" \/>\n<meta property=\"og:description\" content=\"Last updated: April 14, 2025 1. Introduction EchoNews O\u00dc, a private limited liability company registered in Estonia under registration number 16587705, with its registered office at Kotkapoja tn 2a-10, 10615, Harju, Tallinn, Estonia, is the owner and operator of the website Vagas de Cursos, available at https:\/\/vagasdecursos.com. In these Terms of Use, the terms &#8220;we,&#8221;&hellip; Continue reading Terms and Conditions of Use\" \/>\n<meta property=\"og:url\" content=\"https:\/\/vagasdecursos.com\/pt\/terms\/\" \/>\n<meta property=\"og:site_name\" content=\"Vagas de Cursos\" \/>\n<meta property=\"article:modified_time\" content=\"2025-12-12T17:25:22+00:00\" \/>\n<meta name=\"twitter:card\" content=\"summary_large_image\" \/>\n<meta name=\"twitter:label1\" content=\"Est. reading time\" \/>\n\t<meta name=\"twitter:data1\" content=\"5 minutos\" \/>\n<script type=\"application\/ld+json\" class=\"yoast-schema-graph\">{\"@context\":\"https:\/\/schema.org\",\"@graph\":[{\"@type\":\"WebPage\",\"@id\":\"https:\/\/vagasdecursos.com\/terms\/\",\"url\":\"https:\/\/vagasdecursos.com\/terms\/\",\"name\":\"Terms and Conditions of Use - Vagas de Cursos\",\"isPartOf\":{\"@id\":\"https:\/\/vagasdecursos.com\/#website\"},\"datePublished\":\"2022-11-11T18:10:29+00:00\",\"dateModified\":\"2025-12-12T17:25:22+00:00\",\"breadcrumb\":{\"@id\":\"https:\/\/vagasdecursos.com\/terms\/#breadcrumb\"},\"inLanguage\":\"pt-BR\",\"potentialAction\":[{\"@type\":\"ReadAction\",\"target\":[\"https:\/\/vagasdecursos.com\/terms\/\"]}]},{\"@type\":\"BreadcrumbList\",\"@id\":\"https:\/\/vagasdecursos.com\/terms\/#breadcrumb\",\"itemListElement\":[{\"@type\":\"ListItem\",\"position\":1,\"name\":\"Home\",\"item\":\"https:\/\/vagasdecursos.com\/\"},{\"@type\":\"ListItem\",\"position\":2,\"name\":\"Terms and Conditions of Use\"}]},{\"@type\":\"WebSite\",\"@id\":\"https:\/\/vagasdecursos.com\/#website\",\"url\":\"https:\/\/vagasdecursos.com\/\",\"name\":\"Vagas de Cursos\",\"description\":\"\",\"potentialAction\":[{\"@type\":\"SearchAction\",\"target\":{\"@type\":\"EntryPoint\",\"urlTemplate\":\"https:\/\/vagasdecursos.com\/?s={search_term_string}\"},\"query-input\":\"required name=search_term_string\"}],\"inLanguage\":\"pt-BR\"}]}<\/script>\n<!-- \/ Yoast SEO plugin. -->","yoast_head_json":{"title":"Terms and Conditions of Use - Vagas de Cursos","robots":{"index":"index","follow":"follow","max-snippet":"max-snippet:-1","max-image-preview":"max-image-preview:large","max-video-preview":"max-video-preview:-1"},"canonical":"https:\/\/vagasdecursos.com\/pt\/terms\/","og_locale":"pt_BR","og_type":"article","og_title":"Terms and Conditions of Use - Vagas de Cursos","og_description":"Last updated: April 14, 2025 1. Introduction EchoNews O\u00dc, a private limited liability company registered in Estonia under registration number 16587705, with its registered office at Kotkapoja tn 2a-10, 10615, Harju, Tallinn, Estonia, is the owner and operator of the website Vagas de Cursos, available at https:\/\/vagasdecursos.com. In these Terms of Use, the terms &#8220;we,&#8221;&hellip; Continue reading Terms and Conditions of Use","og_url":"https:\/\/vagasdecursos.com\/pt\/terms\/","og_site_name":"Vagas de Cursos","article_modified_time":"2025-12-12T17:25:22+00:00","twitter_card":"summary_large_image","twitter_misc":{"Est. reading time":"5 minutos"},"schema":{"@context":"https:\/\/schema.org","@graph":[{"@type":"WebPage","@id":"https:\/\/vagasdecursos.com\/terms\/","url":"https:\/\/vagasdecursos.com\/terms\/","name":"Terms and Conditions of Use - Vagas de Cursos","isPartOf":{"@id":"https:\/\/vagasdecursos.com\/#website"},"datePublished":"2022-11-11T18:10:29+00:00","dateModified":"2025-12-12T17:25:22+00:00","breadcrumb":{"@id":"https:\/\/vagasdecursos.com\/terms\/#breadcrumb"},"inLanguage":"pt-BR","potentialAction":[{"@type":"ReadAction","target":["https:\/\/vagasdecursos.com\/terms\/"]}]},{"@type":"BreadcrumbList","@id":"https:\/\/vagasdecursos.com\/terms\/#breadcrumb","itemListElement":[{"@type":"ListItem","position":1,"name":"Home","item":"https:\/\/vagasdecursos.com\/"},{"@type":"ListItem","position":2,"name":"Terms and Conditions of Use"}]},{"@type":"WebSite","@id":"https:\/\/vagasdecursos.com\/#website","url":"https:\/\/vagasdecursos.com\/","name":"Vagas de Cursos","description":"","potentialAction":[{"@type":"SearchAction","target":{"@type":"EntryPoint","urlTemplate":"https:\/\/vagasdecursos.com\/?s={search_term_string}"},"query-input":"required name=search_term_string"}],"inLanguage":"pt-BR"}]}},"_links":{"self":[{"href":"https:\/\/vagasdecursos.com\/pt\/wp-json\/wp\/v2\/pages\/1274"}],"collection":[{"href":"https:\/\/vagasdecursos.com\/pt\/wp-json\/wp\/v2\/pages"}],"about":[{"href":"https:\/\/vagasdecursos.com\/pt\/wp-json\/wp\/v2\/types\/page"}],"author":[{"embeddable":true,"href":"https:\/\/vagasdecursos.com\/pt\/wp-json\/wp\/v2\/users\/17"}],"replies":[{"embeddable":true,"href":"https:\/\/vagasdecursos.com\/pt\/wp-json\/wp\/v2\/comments?post=1274"}],"version-history":[{"count":2,"href":"https:\/\/vagasdecursos.com\/pt\/wp-json\/wp\/v2\/pages\/1274\/revisions"}],"predecessor-version":[{"id":9305,"href":"https:\/\/vagasdecursos.com\/pt\/wp-json\/wp\/v2\/pages\/1274\/revisions\/9305"}],"wp:attachment":[{"href":"https:\/\/vagasdecursos.com\/pt\/wp-json\/wp\/v2\/media?parent=1274"}],"curies":[{"name":"wp","href":"https:\/\/api.w.org\/{rel}","templated":true}]}}